{"id":52,"date":"2018-04-09T20:06:46","date_gmt":"2018-04-09T18:06:46","guid":{"rendered":"https:\/\/www.europeano.de\/content\/?page_id=52"},"modified":"2018-05-26T01:41:53","modified_gmt":"2018-05-25T23:41:53","slug":"datenschutzerklaerung","status":"publish","type":"page","link":"https:\/\/www.europeano.de\/content\/datenschutzerklaerung\/","title":{"rendered":"Datenschutzerkl\u00e4rung &#038; Impressum"},"content":{"rendered":"<p>Dies ist eine rein privat betriebene Homepage. Die Nutzung der Homepage ist ohne Angabe personenbezogener Daten m\u00f6glich.<\/p>\n<h2>Cookies<\/h2>\n<p>Wie die meisten Websites benutzt auch unsere Homepage Cookies. Cookies sind kleine Textdateien, die Ihr Browser auf Ihrem Rechner speichert. Cookies enthalten keine personenbezogenen Daten. Wir verwenden Cookies um Ihnen die Funktionen und Services der Website nutzerfreundlich, effektiv und sicher anbieten zu k\u00f6nnen, siehe auch Abschnitt Kommtierung.<\/p>\n<h2>Nutzung von Google Web Fonts<\/h2>\n<p>Zur einheitlichen Darstellung der Schriftart benutzt diese Website die Web Fonts von Google. Weitere Informationen zu Google Web Fonts finden Sie unter <a href=\"https:\/\/developers.google.com\/fonts\/faq\">https:\/\/developers.google.com\/fonts\/faq<\/a>.<\/p>\n<h2>Server-Logs<\/h2>\n<p>Technisch bedingt werden werden vom Webspace-Provider automatisch Informationen in so genannte Server-Logfiles erhoben und gespeichert, die Ihr Browser automatisch an uns \u00fcbermittelt. Hierbei handelt es sich um den Zeitpunkt der Serveranfrage, IP\/Hostname des zugreifenden Rechners, die Referrer-URL, Browsertyp\/-version und verwendetes Betriebssystem.<br \/>\nDiese Daten werden vor allem zu Generierung von Zugriffsstatistiken verwendet und sind bestimmten Personen nicht zuordenbar. Der Webspace-Provider beh\u00e4lt sich vor, bei bekannt werden konkreter Anhaltspunkte zu einer rechtswidrigen Nutzung, diese Daten nachtr\u00e4glich zu pr\u00fcfen.<br \/>\nDes weiteren nutzen wir Tools um die Sicherheit und vollst\u00e4ndige Funktion des verwendeten Systems zu gew\u00e4hrleisten. Auch hier werden IP-Adressen ausgewertet welche bei konkretem Verdacht ggf. nachtr\u00e4glich \u00fcberpr\u00fcft werden.<\/p>\n<h2>Kommentierung<\/h2>\n<p>Zur Verfassung eines Kommentar ist die Eingabe personenbezogener Daten (Name und E-Mail-Adresse) erforderlich. Die E-Mail-Adresse wird dabei nicht angezeigt und dient lediglich der eindeutigen Identifizierung. Der Name ist frei w\u00e4hlbar. Die optionale M\u00f6glichkeit die Daten f\u00fcr den n\u00e4chsten Besuch zu speichern, wird \u00fcber Cookies realisiert. Diese Cookies werden ein Jahr lang gespeichert.<\/p>\n<h2>Auskunft &amp; Wideruf<\/h2>\n<p>Sie erhalten gem\u00e4\u00df geltender rechtlicher Vorgaben, Auskunft \u00fcber Ihre bei uns gespeicherten Daten. Ebenso k\u00f6nnen Sie Ihre bei uns erhobenen Daten berichtigen oder l\u00f6schen lassen und die uns erteilte Einwilligung zur Datenerhebung und Verwendung widerrufen.<\/p>\n<h2>Impressum<\/h2>\n<p>Diese ist eine rein privat betriebene Homepage von Erwin Behner , Bergstra\u00dfe 12, 86502 Laugna<\/p>\n","protected":false},"excerpt":{"rendered":"<p>Dies ist eine rein privat betriebene Homepage. Die Nutzung der Homepage ist ohne Angabe personenbezogener Daten m\u00f6glich. Cookies Wie die meisten Websites benutzt auch unsere Homepage Cookies. Cookies sind kleine Textdateien, die Ihr Browser auf Ihrem Rechner speichert. Cookies enthalten keine personenbezogenen Daten. Wir verwenden Cookies um Ihnen die Funktionen und Services der Website nutzerfreundlich, &hellip; <a href=\"https:\/\/www.europeano.de\/content\/datenschutzerklaerung\/\" class=\"more-link\"><span class=\"screen-reader-text\">Datenschutzerkl\u00e4rung &#038; Impressum<\/span> weiterlesen<\/a><\/p>\n","protected":false},"author":1,"featured_media":0,"parent":0,"menu_order":0,"comment_status":"closed","ping_status":"closed","template":"","meta":{"footnotes":""},"class_list":["post-52","page","type-page","status-publish","hentry"],"aioseo_notices":[],"_links":{"self":[{"href":"https:\/\/www.europeano.de\/content\/wp-json\/wp\/v2\/pages\/52","targetHints":{"allow":["GET"]}}],"collection":[{"href":"https:\/\/www.europeano.de\/content\/wp-json\/wp\/v2\/pages"}],"about":[{"href":"https:\/\/www.europeano.de\/content\/wp-json\/wp\/v2\/types\/page"}],"author":[{"embeddable":true,"href":"https:\/\/www.europeano.de\/content\/wp-json\/wp\/v2\/users\/1"}],"replies":[{"embeddable":true,"href":"https:\/\/www.europeano.de\/content\/wp-json\/wp\/v2\/comments?post=52"}],"version-history":[{"count":9,"href":"https:\/\/www.europeano.de\/content\/wp-json\/wp\/v2\/pages\/52\/revisions"}],"predecessor-version":[{"id":64,"href":"https:\/\/www.europeano.de\/content\/wp-json\/wp\/v2\/pages\/52\/revisions\/64"}],"wp:attachment":[{"href":"https:\/\/www.europeano.de\/content\/wp-json\/wp\/v2\/media?parent=52"}],"curies":[{"name":"wp","href":"https:\/\/api.w.org\/{rel}","templated":true}]}}